{"id":21,"date":"2012-08-30T00:39:12","date_gmt":"2012-08-29T22:39:12","guid":{"rendered":"http:\/\/blog.dj6dp.de\/?page_id=21"},"modified":"2024-10-09T19:03:42","modified_gmt":"2024-10-09T17:03:42","slug":"impressum","status":"publish","type":"page","link":"https:\/\/blog.dj6dp.de\/?page_id=21","title":{"rendered":"Kontakt\/Impressum"},"content":{"rendered":"<p style=\"text-align: justify;\">Daria Richter<br \/>Am Judenkirchhof 8<br \/>30167 Hannover<br \/>E-Mail: dj6dp &lt;\u00e4t&gt; darc.de<\/p>\r\n<p style=\"text-align: justify;\">2m: 145,275 MHz (simplex, FM)<br \/>70cm: 439,2375 MHz (via DB0TVH)<\/p>\r\n<p style=\"text-align: justify;\">Hiermit widerspreche ich ausdr\u00fccklich der Nutzung der oben genannten Daten zu Werbe- und \u00e4hnlichen Zwecken.<\/p>\r\n<p style=\"text-align: justify;\">Die Inhalte dieser Webseite stehen, sofern nicht anderweitig vermerkt, unter einer <a href=\"http:\/\/creativecommons.org\/licenses\/by-nc\/3.0\/\" target=\"_blank\" rel=\"noopener noreferrer\">Creative Commons CC BY-NC Lizenz<\/a>. Das hei\u00dft, dass Inhalte beliebig weiterverwendet d\u00fcrfen, allerdings nicht kommerziell und nur unter Nennung der Quelle. Kommerzielle Nutzung auf Anfrage.<\/p>\r\n<p style=\"text-align: justify;\">Verlinkte Webseiten werden stets gewissenhaft \u00fcberpr\u00fcft, eine Haftung f\u00fcr deren Inhalte ist jedoch ausgeschlossen.<\/p>\r\n<p style=\"text-align: justify;\">Bei eingebundenen Bilder wird auf Einhaltung der Pers\u00f6nlichkeitsrechte im Rahmen der deutschen Gesetzgebung geachtet. Sollte sich dennoch jemand in seinen Rechten verletzt sehen, bitte ich um eine kurze Benachrichtigung per E-Mail.<\/p>\r\n<p>Datenschutzhinweis: Diese Webseite verwendet Cookies lediglich im technisch notwendigen, durch die Software WordPress vorgesehenen Rahmen. Es werden keine Cookies zur Nutzer*innenverfolgung eingesetzt. Auch werden keinerlei Nutzungsdaten durch die Webseitenbetreiber erhoben.<\/p>\r\n\r\n<!-- Wer das hier liest weil er automatisiert Webseiten und deren Quellcodes \u00fcberwacht ist ganz sch\u00f6n krank. -->","protected":false},"excerpt":{"rendered":"<p>Daria RichterAm Judenkirchhof 830167 HannoverE-Mail: dj6dp &lt;\u00e4t&gt; darc.de 2m: 145,275 MHz (simplex, FM)70cm: 439,2375 MHz (via DB0TVH) Hiermit widerspreche ich ausdr\u00fccklich der Nutzung der oben genannten Daten zu Werbe- und \u00e4hnlichen Zwecken. Die Inhalte dieser Webseite stehen, sofern nicht anderweitig &hellip; <a href=\"https:\/\/blog.dj6dp.de\/?page_id=21\">Weiterlesen <span class=\"meta-nav\">&rarr;<\/span><\/a><\/p>\n","protected":false},"author":1,"featured_media":0,"parent":0,"menu_order":60,"comment_status":"closed","ping_status":"closed","template":"","meta":{"footnotes":""},"class_list":["post-21","page","type-page","status-publish","hentry"],"_links":{"self":[{"href":"https:\/\/blog.dj6dp.de\/index.php?rest_route=\/wp\/v2\/pages\/21","targetHints":{"allow":["GET"]}}],"collection":[{"href":"https:\/\/blog.dj6dp.de\/index.php?rest_route=\/wp\/v2\/pages"}],"about":[{"href":"https:\/\/blog.dj6dp.de\/index.php?rest_route=\/wp\/v2\/types\/page"}],"author":[{"embeddable":true,"href":"https:\/\/blog.dj6dp.de\/index.php?rest_route=\/wp\/v2\/users\/1"}],"replies":[{"embeddable":true,"href":"https:\/\/blog.dj6dp.de\/index.php?rest_route=%2Fwp%2Fv2%2Fcomments&post=21"}],"version-history":[{"count":15,"href":"https:\/\/blog.dj6dp.de\/index.php?rest_route=\/wp\/v2\/pages\/21\/revisions"}],"predecessor-version":[{"id":330,"href":"https:\/\/blog.dj6dp.de\/index.php?rest_route=\/wp\/v2\/pages\/21\/revisions\/330"}],"wp:attachment":[{"href":"https:\/\/blog.dj6dp.de\/index.php?rest_route=%2Fwp%2Fv2%2Fmedia&parent=21"}],"curies":[{"name":"wp","href":"https:\/\/api.w.org\/{rel}","templated":true}]}}