{"id":220,"date":"2016-09-04T22:11:22","date_gmt":"2016-09-04T20:11:22","guid":{"rendered":"http:\/\/blog.dj6dp.de\/?page_id=220"},"modified":"2016-09-04T22:37:06","modified_gmt":"2016-09-04T20:37:06","slug":"qsl-info","status":"publish","type":"page","link":"https:\/\/blog.dj6dp.de\/?page_id=220","title":{"rendered":"QSL Info"},"content":{"rendered":"<p>In K\u00fcrze: QSL am liebsten \u00fcber das B\u00fcro, direkt ist aber auch in Ordnung.<\/p>\n<hr \/>\n<p>I am an active collector of QSL cards, so I am always happy to receive yours! I prefer QSL via bureau, but if that&#8217;s too complicated or impossible for you, I also appreciate direct QSL. IRCs or &#8222;green stamps&#8220; are not required, but a self-addressed envelope would be nice. It goes without saying that valid cards are <strong>always<\/strong> replied. You can find my address <a href=\"http:\/\/blog.dj6dp.de\/?page_id=21\">here<\/a>.<\/p>\n<p>I keep a <a href=\"https:\/\/docs.google.com\/spreadsheets\/d\/1QfVE4ezQAeASy96Q4AFlkITTlw-Xq_eWE3PJAUym8YY\/edit?usp=sharing\">record of QSL cards sent<\/a>, primarily for myself so I will not send out cards twice by mistake. It is only sorted by the month I sent out the card, but it might still prove helpful for you, so I might as well share it publicly. Also I can not assure that there are no call signs missing that I sent out cards to, but if you&#8217;re in the list a QSL has definitely been sent, usually via the bureau.<\/p>\n<p>A record of QSL cards received might be added some day, as well as an online log of some sort.<\/p>\n<p>While I do have an eQSL account, I don&#8217;t actively use that service &#8211; it&#8217;s &#8222;paper only&#8220; for me.<\/p>\n<p>QSL information can also be found on <a href=\"http:\/\/www.qrz.com\/db\/dj6dp\" target=\"_blank\">QRZ.com<\/a> as well as <a href=\"http:\/\/qrzcq.com\/call\/DJ6DP\" target=\"_blank\">QRZCQ<\/a>.<\/p>\n","protected":false},"excerpt":{"rendered":"<p>In K\u00fcrze: QSL am liebsten \u00fcber das B\u00fcro, direkt ist aber auch in Ordnung. I am an active collector of QSL cards, so I am always happy to receive yours! I prefer QSL via bureau, but if that&#8217;s too complicated &hellip; <a href=\"https:\/\/blog.dj6dp.de\/?page_id=220\">Weiterlesen <span class=\"meta-nav\">&rarr;<\/span><\/a><\/p>\n","protected":false},"author":2,"featured_media":0,"parent":0,"menu_order":28,"comment_status":"closed","ping_status":"closed","template":"","meta":{"footnotes":""},"class_list":["post-220","page","type-page","status-publish","hentry"],"_links":{"self":[{"href":"https:\/\/blog.dj6dp.de\/index.php?rest_route=\/wp\/v2\/pages\/220","targetHints":{"allow":["GET"]}}],"collection":[{"href":"https:\/\/blog.dj6dp.de\/index.php?rest_route=\/wp\/v2\/pages"}],"about":[{"href":"https:\/\/blog.dj6dp.de\/index.php?rest_route=\/wp\/v2\/types\/page"}],"author":[{"embeddable":true,"href":"https:\/\/blog.dj6dp.de\/index.php?rest_route=\/wp\/v2\/users\/2"}],"replies":[{"embeddable":true,"href":"https:\/\/blog.dj6dp.de\/index.php?rest_route=%2Fwp%2Fv2%2Fcomments&post=220"}],"version-history":[{"count":3,"href":"https:\/\/blog.dj6dp.de\/index.php?rest_route=\/wp\/v2\/pages\/220\/revisions"}],"predecessor-version":[{"id":226,"href":"https:\/\/blog.dj6dp.de\/index.php?rest_route=\/wp\/v2\/pages\/220\/revisions\/226"}],"wp:attachment":[{"href":"https:\/\/blog.dj6dp.de\/index.php?rest_route=%2Fwp%2Fv2%2Fmedia&parent=220"}],"curies":[{"name":"wp","href":"https:\/\/api.w.org\/{rel}","templated":true}]}}